{"id":4117,"date":"2016-12-22T09:54:56","date_gmt":"2016-12-22T09:54:56","guid":{"rendered":"http:\/\/dev.leap13.com\/wiz\/travel\/?page_id=4117"},"modified":"2018-09-26T20:04:42","modified_gmt":"2018-09-26T23:04:42","slug":"sobre","status":"publish","type":"page","link":"https:\/\/maistravessias.com.br\/site\/sobre\/","title":{"rendered":"Quem somos"},"content":{"rendered":"<p>[vc_row][vc_column][rev_slider_vc alias=&#8221;wiz_banner&#8221;][\/vc_column][\/vc_row][vc_row][vc_column width=&#8221;2\/3&#8243;][vc_single_image image=&#8221;6212&#8243; img_size=&#8221;large&#8221; add_caption=&#8221;yes&#8221;][vc_column_text]Parte da Equipe que esteve presente na primeira etapa do Circuito VIVA RS 2018\/2019[\/vc_column_text][\/vc_column][vc_column width=&#8221;1\/3&#8243;]<div id=\"ultimate-heading-360869e732dda4107\" class=\"uvc-heading ult-adjust-bottom-margin ultimate-heading-360869e732dda4107 uvc-2068 \" data-hspacer=\"no_spacer\"  data-halign=\"center\" style=\"text-align:center\"><div class=\"uvc-heading-spacer no_spacer\" style=\"top\"><\/div><div class=\"uvc-main-heading ult-responsive\"  data-ultimate-target='.uvc-heading.ultimate-heading-360869e732dda4107 h2'  data-responsive-json-new='{\"font-size\":\"\",\"line-height\":\"\"}' ><h2 style=\"font-weight:normal;\">Mais Travessias<\/h2><\/div><div class=\"uvc-sub-heading ult-responsive\"  data-ultimate-target='.uvc-heading.ultimate-heading-360869e732dda4107 .uvc-sub-heading '  data-responsive-json-new='{\"font-size\":\"\",\"line-height\":\"\"}'  style=\"text-decoration:underline;font-weight:normal;margin-bottom:15px;\">Eventos, Turismo Esportivo e Mais<\/div><\/div>[vc_column_text]<\/p>\n<p style=\"font-weight: 400;\">Objetivo principal do Mais Travessias \u00e9 \u00a0desenvolver as \u00e1guas abertas do Rio Grande do Sul trabalhando na base do esporte (atletas amadores, fundamental para o sucesso de qualquer esporte) e com atletas de n\u00edvel ol\u00edmpico (forma\u00e7\u00e3o, garimpando). Al\u00e9m disso, tamb\u00e9m visamos promover o incentivo para que o atleta seja ativo em sua escola de nata\u00e7\u00e3o mantendo seu treinamento cont\u00ednuo na escola\/clube.<\/p>\n<p style=\"font-weight: 400;\">Outro objetivo \u00e9 realizar um momento de grande prazer aos atletas com muita amizade e ainda encarar um grande desafio que \u00e9 uma travessia, al\u00e9m do grande alto astral e do bem-estar que \u00e9 participar desses eventos, seja competindo, seja acompanhando. \u00c9 a intera\u00e7\u00e3o Nata\u00e7\u00e3o-Natureza!<\/p>\n<p style=\"font-weight: 400;\">Este projeto visa atender a todos os nadadores (nossas estrelas) que gostam de praticar a nata\u00e7\u00e3o em \u00e1guas abertas e \u00e0queles que ir\u00e3o iniciar nas \u00e1guas abertas. Tamb\u00e9m serve para estimular aos nadadores, que n\u00e3o est\u00e3o mantendo sua atividade, a retornarem as suas escolas.<\/p>\n<p>[\/vc_column_text][\/vc_column][\/vc_row]<\/p>\n","protected":false},"excerpt":{"rendered":"<p>[vc_row][vc_column][rev_slider_vc alias=&#8221;wiz_banner&#8221;][\/vc_column][\/vc_row][vc_row][vc_column width=&#8221;2\/3&#8243;][vc_single_image image=&#8221;6212&#8243; img_size=&#8221;large&#8221; add_caption=&#8221;yes&#8221;][vc_column_text]Parte da Equipe que esteve presente na primeira etapa do Circuito VIVA RS 2018\/2019[\/vc_column_text][\/vc_column][vc_column width=&#8221;1\/3&#8243;][vc_column_text] Objetivo principal do Mais Travessias \u00e9 \u00a0desenvolver as \u00e1guas abertas do Rio Grande do Sul trabalhando na base do esporte (atletas amadores, fundamental para o sucesso de qualquer esporte) e com atletas de n\u00edvel ol\u00edmpico (forma\u00e7\u00e3o, garimpando). Al\u00e9m disso, tamb\u00e9m visamos promover o incentivo para que o atleta seja ativo em sua escola de nata\u00e7\u00e3o mantendo seu treinamento cont\u00ednuo na escola\/clube. Outro objetivo \u00e9 realizar um momento de grande prazer aos atletas com muita amizade e ainda encarar um grande[&#8230;]<\/p>\n","protected":false},"author":1,"featured_media":0,"parent":0,"menu_order":0,"comment_status":"closed","ping_status":"closed","template":"","meta":[],"_links":{"self":[{"href":"https:\/\/maistravessias.com.br\/site\/wp-json\/wp\/v2\/pages\/4117"}],"collection":[{"href":"https:\/\/maistravessias.com.br\/site\/wp-json\/wp\/v2\/pages"}],"about":[{"href":"https:\/\/maistravessias.com.br\/site\/wp-json\/wp\/v2\/types\/page"}],"author":[{"embeddable":true,"href":"https:\/\/maistravessias.com.br\/site\/wp-json\/wp\/v2\/users\/1"}],"replies":[{"embeddable":true,"href":"https:\/\/maistravessias.com.br\/site\/wp-json\/wp\/v2\/comments?post=4117"}],"version-history":[{"count":12,"href":"https:\/\/maistravessias.com.br\/site\/wp-json\/wp\/v2\/pages\/4117\/revisions"}],"predecessor-version":[{"id":6219,"href":"https:\/\/maistravessias.com.br\/site\/wp-json\/wp\/v2\/pages\/4117\/revisions\/6219"}],"wp:attachment":[{"href":"https:\/\/maistravessias.com.br\/site\/wp-json\/wp\/v2\/media?parent=4117"}],"curies":[{"name":"wp","href":"https:\/\/api.w.org\/{rel}","templated":true}]}}