{"id":6062,"date":"2018-08-21T10:54:28","date_gmt":"2018-08-21T13:54:28","guid":{"rendered":"http:\/\/maistravessias.com.br\/site\/?page_id=6062"},"modified":"2019-11-16T16:58:25","modified_gmt":"2019-11-16T19:58:25","slug":"viva-rs","status":"publish","type":"page","link":"https:\/\/maistravessias.com.br\/site\/viva-rs\/","title":{"rendered":"VIVA RS"},"content":{"rendered":"<p>[vc_row full_width=&#8221;stretch_row&#8221; content_placement=&#8221;middle&#8221; bg_type=&#8221;bg_color&#8221; bg_override=&#8221;full&#8221; bg_color_value=&#8221;#f4f4f4&#8243; css=&#8221;.vc_custom_1486909166422{padding-top: 57px !important;padding-right: 60px !important;padding-bottom: 57px !important;padding-left: 60px !important;}&#8221;][vc_column]<div id=\"ultimate-heading-46716a088a99d41af\" class=\"uvc-heading ult-adjust-bottom-margin ultimate-heading-46716a088a99d41af uvc-9462 \" data-hspacer=\"line_only\"  data-halign=\"center\" style=\"text-align:center\"><div class=\"uvc-main-heading ult-responsive\"  data-ultimate-target='.uvc-heading.ultimate-heading-46716a088a99d41af h2'  data-responsive-json-new='{\"font-size\":\"\",\"line-height\":\"\"}' ><h2 style=\"font-weight:normal;\">VIVA RS 2019\/20<\/h2><\/div><div class=\"uvc-heading-spacer line_only\" style=\"margin-bottom:30px;height:1px;\"><span class=\"uvc-headings-line\" style=\"border-style:solid;border-bottom-width:1px;border-color:#3ea9f5;width:200px;\"><\/span><\/div><\/div>[vc_row_inner][vc_column_inner]<div class=\"ult-animation  ult-animate-viewport  ult-no-mobile \" data-animate=\"fadeInUp\" data-animation-delay=\"0\" data-animation-duration=\"1\" data-animation-iteration=\"1\" style=\"opacity:0;\" data-opacity_start_effect=\"\">[vc_column_text css_animation=&#8221;bottom-to-top&#8221; css=&#8221;.vc_custom_1566215775344{margin-top: 30px !important;}&#8221;]<\/p>\n<p style=\"text-align: center;\">Circuito Viva RS, evento de \u00e1guas abertas promovido pela Mais Travessias que busca fomentar o esporte e a pr\u00e1tica da nata\u00e7\u00e3o amadora em \u00e1guas abertas no estado do Rio Grande do Sul. O evento conta com quatro etapas a serem realizadas entre 2019 e 2020, al\u00e9m de quatro categorias abertas para diferentes tipos de nadadores. Ao final da temporada os melhores colocados do ranking geral receber\u00e3o trof\u00e9us especiais.<\/p>\n<p>[\/vc_column_text]<\/div>[\/vc_column_inner][\/vc_row_inner][vc_row_inner css=&#8221;.vc_custom_1483270297719{margin-top: 50px !important;}&#8221;][vc_column_inner width=&#8221;1\/6&#8243;][\/vc_column_inner][vc_column_inner width=&#8221;1\/6&#8243;]<div class=\"ult_pricing_table_wrap ult_info_table ult_design_6  ult-cs-custom  \">\n\t\t\t\t\t<div class=\"ult_pricing_table \" style=\"background:#ffffff;color:#0c0c0c; \"><div id=\"Info-table-wrap-6175\" class=\"ult_pricing_heading\" style=\"background:#1aa8cc;color:#ffffff;\">\n\t\t\t\t\t\t\t<h1 class=\"ult-responsive\"  data-ultimate-target='#Info-table-wrap-6175 h1'  data-responsive-json-new='{\"font-size\":\"\",\"line-height\":\"\"}'  style=\"font-weight:bold;color:#ffffff;\">Iniciantes<\/h1><h3 class=\"ult-responsive\" data-ultimate-target='#Info-table-wrap-6175 h3'  data-responsive-json-new='{\"font-size\":\"\",\"line-height\":\"\"}'  class=\"ult-responsive\" style=\"font-weight:normal;\">500m a 1.000m<\/h3><\/div><!--ult_pricing_heading--><div class=\"ult_price_body_block\" style=\"background:#1aa8cc;color:#ffffff;\">\n\t\t\t\t\t\t\t<div class=\"ult_price_body\">\n\t\t\t\t\t\t\t\t<div class=\"ult_price\">\n\t\t\t\t\t\t\t\t\t<div class=\"ult-just-icon-wrapper  \"><div class=\"align-icon\" style=\"text-align:center;\">\n<div class=\"aio-icon-img \" style=\"font-size:90px;display:inline-block;\" >\n\t<img class=\"img-icon\" alt=\"\" src=\"https:\/\/maistravessias.com.br\/site\/wp-content\/uploads\/2018\/08\/logo-iniciantes-e1535064007771.png\"\/>\n<\/div><\/div><\/div>\n\t\t\t\t\t\t\t\t<\/div>\n\t\t\t\t\t\t\t<\/div>\n\t\t\t\t\t\t<\/div><!--ult_price_body_block--><div id=\"info_table_features_wrap-9742\"  data-ultimate-target='#info_table_features_wrap-9742.ult_price_features'  data-responsive-json-new='{\"font-size\":\"\",\"line-height\":\"\"}'  class=\"ult-responsive ult_price_features\" style=\"font-weight:normal;\">\n\t\t\t\t\t\t\t<p><strong>Modalidade mais democr\u00e1tica do evento, proporciona a participa\u00e7\u00e3o de atletas novatos que est\u00e3o inaugurando suas bra\u00e7adas.<\/strong><\/p>\n\n\t\t\t\t\t\t<\/div><!--ult_price_features--><div class=\"ult_clr\"><\/div>\n\t\t\t<\/div><!--pricing_table-->\n\t\t<\/div><!--pricing_table_wrap-->[\/vc_column_inner][vc_column_inner width=&#8221;1\/6&#8243;]<div class=\"ult_pricing_table_wrap ult_info_table ult_design_6  ult-cs-custom  \">\n\t\t\t\t\t<div class=\"ult_pricing_table \" style=\"background:#ffffff;color:#0c0c0c; \"><div id=\"Info-table-wrap-5753\" class=\"ult_pricing_heading\" style=\"background:#1aa8cc;color:#ffffff;\">\n\t\t\t\t\t\t\t<h1 class=\"ult-responsive\"  data-ultimate-target='#Info-table-wrap-5753 h1'  data-responsive-json-new='{\"font-size\":\"\",\"line-height\":\"\"}'  style=\"font-weight:bold;color:#ffffff;\">Desafio<\/h1><h3 class=\"ult-responsive\" data-ultimate-target='#Info-table-wrap-5753 h3'  data-responsive-json-new='{\"font-size\":\"\",\"line-height\":\"\"}'  class=\"ult-responsive\" style=\"font-weight:normal;\">3.600m a 4.400m<\/h3><\/div><!--ult_pricing_heading--><div class=\"ult_price_body_block\" style=\"background:#1aa8cc;color:#ffffff;\">\n\t\t\t\t\t\t\t<div class=\"ult_price_body\">\n\t\t\t\t\t\t\t\t<div class=\"ult_price\">\n\t\t\t\t\t\t\t\t\t<div class=\"ult-just-icon-wrapper  \"><div class=\"align-icon\" style=\"text-align:center;\">\n<div class=\"aio-icon-img \" style=\"font-size:90px;display:inline-block;\" >\n\t<img class=\"img-icon\" alt=\"\" src=\"https:\/\/maistravessias.com.br\/site\/wp-content\/uploads\/2018\/08\/logo-desafio-e1535063095843.png\"\/>\n<\/div><\/div><\/div>\n\t\t\t\t\t\t\t\t<\/div>\n\t\t\t\t\t\t\t<\/div>\n\t\t\t\t\t\t<\/div><!--ult_price_body_block--><div id=\"info_table_features_wrap-2892\"  data-ultimate-target='#info_table_features_wrap-2892.ult_price_features'  data-responsive-json-new='{\"font-size\":\"\",\"line-height\":\"\"}'  class=\"ult-responsive ult_price_features\" style=\"font-weight:normal;\">\n\t\t\t\t\t\t\t<p><strong>Para os mais experientes! Um verdadeiro desafio nessa prova de maratona aqu\u00e1tica com percurso longo e desafiador.<\/strong><\/p>\n\n\t\t\t\t\t\t<\/div><!--ult_price_features--><div class=\"ult_clr\"><\/div>\n\t\t\t<\/div><!--pricing_table-->\n\t\t<\/div><!--pricing_table_wrap-->[\/vc_column_inner][vc_column_inner width=&#8221;1\/6&#8243;]<div class=\"ult_pricing_table_wrap ult_info_table ult_design_6  ult-cs-custom  \">\n\t\t\t\t\t<div class=\"ult_pricing_table \" style=\"background:#ffffff;color:#0c0c0c; \"><div id=\"Info-table-wrap-5754\" class=\"ult_pricing_heading\" style=\"background:#1aa8cc;color:#ffffff;\">\n\t\t\t\t\t\t\t<h1 class=\"ult-responsive\"  data-ultimate-target='#Info-table-wrap-5754 h1'  data-responsive-json-new='{\"font-size\":\"\",\"line-height\":\"\"}'  style=\"font-weight:bold;color:#ffffff;\">Cl\u00e1ssica<\/h1><h3 class=\"ult-responsive\" data-ultimate-target='#Info-table-wrap-5754 h3'  data-responsive-json-new='{\"font-size\":\"\",\"line-height\":\"\"}'  class=\"ult-responsive\" style=\"font-weight:normal;\">1.800m a 2.400m<\/h3><\/div><!--ult_pricing_heading--><div class=\"ult_price_body_block\" style=\"background:#1aa8cc;color:#ffffff;\">\n\t\t\t\t\t\t\t<div class=\"ult_price_body\">\n\t\t\t\t\t\t\t\t<div class=\"ult_price\">\n\t\t\t\t\t\t\t\t\t<div class=\"ult-just-icon-wrapper  \"><div class=\"align-icon\" style=\"text-align:center;\">\n<div class=\"aio-icon-img \" style=\"font-size:90px;display:inline-block;\" >\n\t<img class=\"img-icon\" alt=\"\" src=\"https:\/\/maistravessias.com.br\/site\/wp-content\/uploads\/2018\/08\/logo-classica-e1535063753963.png\"\/>\n<\/div><\/div><\/div>\n\t\t\t\t\t\t\t\t<\/div>\n\t\t\t\t\t\t\t<\/div>\n\t\t\t\t\t\t<\/div><!--ult_price_body_block--><div id=\"info_table_features_wrap-5021\"  data-ultimate-target='#info_table_features_wrap-5021.ult_price_features'  data-responsive-json-new='{\"font-size\":\"\",\"line-height\":\"\"}'  class=\"ult-responsive ult_price_features\" style=\"font-weight:normal;\">\n\t\t\t\t\t\t\t<p><strong>Como o nome j\u00e1 diz: um cl\u00e1ssico! A modalidade de n\u00edvel intermedi\u00e1rio, \u00e9 uma prova com a extens\u00e3o de at\u00e9 2.4km.<\/strong><\/p>\n\n\t\t\t\t\t\t<\/div><!--ult_price_features--><div class=\"ult_clr\"><\/div>\n\t\t\t<\/div><!--pricing_table-->\n\t\t<\/div><!--pricing_table_wrap-->[\/vc_column_inner][vc_column_inner width=&#8221;1\/6&#8243;]<div class=\"ult_pricing_table_wrap ult_info_table ult_design_6  ult-cs-custom  \">\n\t\t\t\t\t<div class=\"ult_pricing_table \" style=\"background:#ffffff;color:#0c0c0c; \"><div id=\"Info-table-wrap-8229\" class=\"ult_pricing_heading\" style=\"background:#1aa8cc;color:#ffffff;\">\n\t\t\t\t\t\t\t<h1 class=\"ult-responsive\"  data-ultimate-target='#Info-table-wrap-8229 h1'  data-responsive-json-new='{\"font-size\":\"\",\"line-height\":\"\"}'  style=\"font-weight:bold;color:#ffffff;\">Nova Gera\u00e7\u00e3o<\/h1><h3 class=\"ult-responsive\" data-ultimate-target='#Info-table-wrap-8229 h3'  data-responsive-json-new='{\"font-size\":\"\",\"line-height\":\"\"}'  class=\"ult-responsive\" style=\"font-weight:normal;\">200m a 300m<\/h3><\/div><!--ult_pricing_heading--><div class=\"ult_price_body_block\" style=\"background:#1aa8cc;color:#ffffff;\">\n\t\t\t\t\t\t\t<div class=\"ult_price_body\">\n\t\t\t\t\t\t\t\t<div class=\"ult_price\">\n\t\t\t\t\t\t\t\t\t<div class=\"ult-just-icon-wrapper  \"><div class=\"align-icon\" style=\"text-align:center;\">\n<div class=\"aio-icon-img \" style=\"font-size:90px;display:inline-block;\" >\n\t<img class=\"img-icon\" alt=\"\" src=\"https:\/\/maistravessias.com.br\/site\/wp-content\/uploads\/2018\/08\/logo-nova-geracao-e1535064176209.png\"\/>\n<\/div><\/div><\/div>\n\t\t\t\t\t\t\t\t<\/div>\n\t\t\t\t\t\t\t<\/div>\n\t\t\t\t\t\t<\/div><!--ult_price_body_block--><div id=\"info_table_features_wrap-2481\"  data-ultimate-target='#info_table_features_wrap-2481.ult_price_features'  data-responsive-json-new='{\"font-size\":\"\",\"line-height\":\"\"}'  class=\"ult-responsive ult_price_features\" style=\"font-weight:normal;\">\n\t\t\t\t\t\t\t<p><strong>Nossos atletas ter\u00e3o o primeiro contato em prova de mar aberto, em uma competi\u00e7\u00e3o aonde s\u00f3 h\u00e1 vencedores.\u00a0<\/strong><\/p>\n\n\t\t\t\t\t\t<\/div><!--ult_price_features--><div class=\"ult_clr\"><\/div>\n\t\t\t<\/div><!--pricing_table-->\n\t\t<\/div><!--pricing_table_wrap-->[\/vc_column_inner][vc_column_inner width=&#8221;1\/6&#8243;][\/vc_column_inner][\/vc_row_inner][\/vc_column][\/vc_row][vc_row][vc_column width=&#8221;1\/2&#8243;]<div id=\"ultimate-heading-19756a088a99d6c4f\" class=\"uvc-heading ult-adjust-bottom-margin ultimate-heading-19756a088a99d6c4f uvc-3579 \" data-hspacer=\"line_only\"  data-halign=\"center\" style=\"text-align:center\"><div class=\"uvc-main-heading ult-responsive\"  data-ultimate-target='.uvc-heading.ultimate-heading-19756a088a99d6c4f h2'  data-responsive-json-new='{\"font-size\":\"\",\"line-height\":\"\"}' ><h2 style=\"font-weight:normal;\">Inscri\u00e7\u00f5es<\/h2><\/div><div class=\"uvc-heading-spacer line_only\" style=\"margin-bottom:30px;height:1px;\"><span class=\"uvc-headings-line\" style=\"border-style:solid;border-bottom-width:1px;border-color:#3ea9f5;width:200px;\"><\/span><\/div><\/div>[vc_single_image image=&#8221;6540&#8243; img_size=&#8221;large&#8221; alignment=&#8221;center&#8221; onclick=&#8221;custom_link&#8221; img_link_target=&#8221;_blank&#8221; link=&#8221;https:\/\/maistravessias.com.br\/site\/inscricao&#8221;][\/vc_column][vc_column width=&#8221;1\/2&#8243;]<div id=\"ultimate-heading-11496a088a99d6c87\" class=\"uvc-heading ult-adjust-bottom-margin ultimate-heading-11496a088a99d6c87 uvc-4173 \" data-hspacer=\"line_only\"  data-halign=\"center\" style=\"text-align:center\"><div class=\"uvc-main-heading ult-responsive\"  data-ultimate-target='.uvc-heading.ultimate-heading-11496a088a99d6c87 h2'  data-responsive-json-new='{\"font-size\":\"\",\"line-height\":\"\"}' ><h2 style=\"font-weight:normal;\">Lista de Inscritos<\/h2><\/div><div class=\"uvc-heading-spacer line_only\" style=\"margin-bottom:30px;height:1px;\"><span class=\"uvc-headings-line\" style=\"border-style:solid;border-bottom-width:1px;border-color:#3ea9f5;width:200px;\"><\/span><\/div><\/div>[vc_single_image image=&#8221;6540&#8243; img_size=&#8221;large&#8221; alignment=&#8221;center&#8221; onclick=&#8221;custom_link&#8221; img_link_target=&#8221;_blank&#8221; link=&#8221;http:\/\/rank.maistravessias.com.br\/inscritosviva2019.php&#8221;][\/vc_column][\/vc_row][vc_row][vc_column width=&#8221;1\/3&#8243;][\/vc_column][vc_column width=&#8221;1\/3&#8243;]<div id=\"ultimate-heading-26696a088a99d6cae\" class=\"uvc-heading ult-adjust-bottom-margin ultimate-heading-26696a088a99d6cae uvc-4365 \" data-hspacer=\"line_only\"  data-halign=\"center\" style=\"text-align:center\"><div class=\"uvc-main-heading ult-responsive\"  data-ultimate-target='.uvc-heading.ultimate-heading-26696a088a99d6cae h2'  data-responsive-json-new='{\"font-size\":\"\",\"line-height\":\"\"}' ><h2 style=\"font-weight:normal;\">Ranking e Resultados<\/h2><\/div><div class=\"uvc-heading-spacer line_only\" style=\"margin-bottom:30px;height:1px;\"><span class=\"uvc-headings-line\" style=\"border-style:solid;border-bottom-width:1px;border-color:#3ea9f5;width:200px;\"><\/span><\/div><\/div>[vc_single_image image=&#8221;6545&#8243; img_size=&#8221;large&#8221; alignment=&#8221;center&#8221; onclick=&#8221;custom_link&#8221; img_link_target=&#8221;_blank&#8221; link=&#8221;http:\/\/rank.maistravessias.com.br\/viva2019.php&#8221;][\/vc_column][vc_column width=&#8221;1\/3&#8243;][\/vc_column][\/vc_row][vc_row][vc_column width=&#8221;1\/3&#8243;][\/vc_column][vc_column width=&#8221;1\/3&#8243;]<div id=\"ultimate-heading-10516a088a99d6cd2\" class=\"uvc-heading ult-adjust-bottom-margin ultimate-heading-10516a088a99d6cd2 uvc-4590 \" data-hspacer=\"line_only\"  data-halign=\"center\" style=\"text-align:center\"><div class=\"uvc-main-heading ult-responsive\"  data-ultimate-target='.uvc-heading.ultimate-heading-10516a088a99d6cd2 h2'  data-responsive-json-new='{\"font-size\":\"\",\"line-height\":\"\"}' ><h2 style=\"font-weight:normal;\">Documentos Importantes<\/h2><\/div><div class=\"uvc-heading-spacer line_only\" style=\"margin-bottom:30px;height:1px;\"><span class=\"uvc-headings-line\" style=\"border-style:solid;border-bottom-width:1px;border-color:#3ea9f5;width:200px;\"><\/span><\/div><\/div><div class=\"ult_pricing_table_wrap ult_info_table ult_design_6  ult-cs-custom  \">\n\t\t\t\t\t<div class=\"ult_pricing_table \" style=\"background:#ffffff;color:#0c0c0c; \"><div id=\"Info-table-wrap-3360\" class=\"ult_pricing_heading\" style=\"background:#1aa8cc;color:#ffffff;\">\n\t\t\t\t\t\t\t<h1 class=\"ult-responsive\"  data-ultimate-target='#Info-table-wrap-3360 h1'  data-responsive-json-new='{\"font-size\":\"\",\"line-height\":\"\"}'  style=\"font-weight:bold;color:#ffffff;\">Documenta\u00e7\u00e3o<\/h1><h3 class=\"ult-responsive\" data-ultimate-target='#Info-table-wrap-3360 h3'  data-responsive-json-new='{\"font-size\":\"\",\"line-height\":\"\"}'  class=\"ult-responsive\" style=\"font-weight:normal;\">Necess\u00e1rio para todos os competidores<\/h3><\/div><!--ult_pricing_heading--><div class=\"ult_price_body_block\" style=\"background:#1aa8cc;color:#ffffff;\">\n\t\t\t\t\t\t\t<div class=\"ult_price_body\">\n\t\t\t\t\t\t\t\t<div class=\"ult_price\">\n\t\t\t\t\t\t\t\t\t<div class=\"ult-just-icon-wrapper  \"><div class=\"align-icon\" style=\"text-align:center;\">\n<div class=\"aio-icon-img \" style=\"font-size:90px;display:inline-block;\" >\n\t<img class=\"img-icon\" alt=\"travelling-luggage\" src=\"https:\/\/maistravessias.com.br\/site\/wp-content\/uploads\/2017\/01\/travelling-luggage.png\"\/>\n<\/div><\/div><\/div>\n\t\t\t\t\t\t\t\t<\/div>\n\t\t\t\t\t\t\t<\/div>\n\t\t\t\t\t\t<\/div><!--ult_price_body_block--><div id=\"info_table_features_wrap-3233\"  data-ultimate-target='#info_table_features_wrap-3233.ult_price_features'  data-responsive-json-new='{\"font-size\":\"\",\"line-height\":\"\"}'  class=\"ult-responsive ult_price_features\" style=\"font-weight:normal;\">\n\t\t\t\t\t\t\t<p><b>Todos queremos nadar, mas n\u00e3o esque\u00e7a de fornecer para a organiza\u00e7\u00e3o a documenta\u00e7\u00e3o necess\u00e1ria para podermos realizar o evento da forma mais transparente poss\u00edvel.<\/b><\/p>\n<ul>\n<li><a href=\"https:\/\/drive.google.com\/open?id=1HzWOJYKXb-MVIm7VgAIK5RiTVYwwwTHd\" target=\"_blank\" rel=\"noopener noreferrer\">Termo de Responsabilidade (Menor de Idade)<\/a><\/li>\n<li><a href=\"https:\/\/drive.google.com\/open?id=1HziB6nZ_xk3El_oTYlqVV1HmNfP2PezS\" target=\"_blank\" rel=\"noopener noreferrer\">Termo de Responsabilidade (Maior de Idade)<\/a><\/li>\n<li><a href=\"https:\/\/drive.google.com\/open?id=17slzxygrWegW8XzyDSGdBXLygy--V_ZH\" target=\"_blank\" rel=\"noopener noreferrer\">Declara\u00e7\u00e3o do T\u00e9cnico<\/a><\/li>\n<\/ul>\n<p>&nbsp;<\/p>\n<p>D\u00favidas? Leia o <a href=\"https:\/\/drive.google.com\/open?id=1iv7S_Uw8aHeF9n1TWs7ghAC9xtAoXLzv\" target=\"_blank\" rel=\"noopener noreferrer\">regulamento<\/a>.<\/p>\n\n\t\t\t\t\t\t<\/div><!--ult_price_features--><div class=\"ult_clr\"><\/div>\n\t\t\t<\/div><!--pricing_table-->\n\t\t<\/div><!--pricing_table_wrap-->[\/vc_column][vc_column width=&#8221;1\/3&#8243;][\/vc_column][\/vc_row]<\/p>\n","protected":false},"excerpt":{"rendered":"<p>[vc_row full_width=&#8221;stretch_row&#8221; content_placement=&#8221;middle&#8221; bg_type=&#8221;bg_color&#8221; bg_override=&#8221;full&#8221; bg_color_value=&#8221;#f4f4f4&#8243; css=&#8221;.vc_custom_1486909166422{padding-top: 57px !important;padding-right: 60px !important;padding-bottom: 57px !important;padding-left: 60px !important;}&#8221;][vc_column][vc_row_inner][vc_column_inner][\/vc_column_inner][\/vc_row_inner][vc_row_inner css=&#8221;.vc_custom_1483270297719{margin-top: 50px !important;}&#8221;][vc_column_inner width=&#8221;1\/6&#8243;][\/vc_column_inner][vc_column_inner width=&#8221;1\/6&#8243;][\/vc_column_inner][vc_column_inner width=&#8221;1\/6&#8243;][\/vc_column_inner][vc_column_inner width=&#8221;1\/6&#8243;][\/vc_column_inner][vc_column_inner width=&#8221;1\/6&#8243;][\/vc_column_inner][vc_column_inner width=&#8221;1\/6&#8243;][\/vc_column_inner][\/vc_row_inner][\/vc_column][\/vc_row][vc_row][vc_column width=&#8221;1\/2&#8243;][vc_single_image image=&#8221;6540&#8243; img_size=&#8221;large&#8221; alignment=&#8221;center&#8221; onclick=&#8221;custom_link&#8221; img_link_target=&#8221;_blank&#8221; link=&#8221;https:\/\/maistravessias.com.br\/site\/inscricao&#8221;][\/vc_column][vc_column width=&#8221;1\/2&#8243;][vc_single_image image=&#8221;6540&#8243; img_size=&#8221;large&#8221; alignment=&#8221;center&#8221; onclick=&#8221;custom_link&#8221; img_link_target=&#8221;_blank&#8221; link=&#8221;http:\/\/rank.maistravessias.com.br\/inscritosviva2019.php&#8221;][\/vc_column][\/vc_row][vc_row][vc_column width=&#8221;1\/3&#8243;][\/vc_column][vc_column width=&#8221;1\/3&#8243;][vc_single_image image=&#8221;6545&#8243; img_size=&#8221;large&#8221; alignment=&#8221;center&#8221; onclick=&#8221;custom_link&#8221; img_link_target=&#8221;_blank&#8221; link=&#8221;http:\/\/rank.maistravessias.com.br\/viva2019.php&#8221;][\/vc_column][vc_column width=&#8221;1\/3&#8243;][\/vc_column][\/vc_row][vc_row][vc_column width=&#8221;1\/3&#8243;][\/vc_column][vc_column width=&#8221;1\/3&#8243;][\/vc_column][vc_column width=&#8221;1\/3&#8243;][\/vc_column][\/vc_row]<\/p>\n","protected":false},"author":1,"featured_media":0,"parent":0,"menu_order":0,"comment_status":"closed","ping_status":"closed","template":"","meta":[],"_links":{"self":[{"href":"https:\/\/maistravessias.com.br\/site\/wp-json\/wp\/v2\/pages\/6062"}],"collection":[{"href":"https:\/\/maistravessias.com.br\/site\/wp-json\/wp\/v2\/pages"}],"about":[{"href":"https:\/\/maistravessias.com.br\/site\/wp-json\/wp\/v2\/types\/page"}],"author":[{"embeddable":true,"href":"https:\/\/maistravessias.com.br\/site\/wp-json\/wp\/v2\/users\/1"}],"replies":[{"embeddable":true,"href":"https:\/\/maistravessias.com.br\/site\/wp-json\/wp\/v2\/comments?post=6062"}],"version-history":[{"count":95,"href":"https:\/\/maistravessias.com.br\/site\/wp-json\/wp\/v2\/pages\/6062\/revisions"}],"predecessor-version":[{"id":6563,"href":"https:\/\/maistravessias.com.br\/site\/wp-json\/wp\/v2\/pages\/6062\/revisions\/6563"}],"wp:attachment":[{"href":"https:\/\/maistravessias.com.br\/site\/wp-json\/wp\/v2\/media?parent=6062"}],"curies":[{"name":"wp","href":"https:\/\/api.w.org\/{rel}","templated":true}]}}